{"id":310,"date":"2022-01-28T13:55:00","date_gmt":"2022-01-28T13:55:00","guid":{"rendered":"https:\/\/hundeverein-aegerital.ch\/?page_id=310"},"modified":"2022-01-28T13:55:00","modified_gmt":"2022-01-28T13:55:00","slug":"verhaltenskodex-fuer-hundehalterinnen","status":"publish","type":"page","link":"https:\/\/hundeverein-aegerital.ch\/?page_id=310","title":{"rendered":"Verhaltenskodex f\u00fcr HundehalterInnen"},"content":{"rendered":"\n<p>Um eine harmonische gemeinsame Nutzung des Landschaftsraums \u00c4gerital durch Menschen und Hunde zu erm\u00f6glichen, halte ich mich an folgende Punkte:<\/p>\n\n\n\n<ul class=\"wp-block-list\"><li>Ich halte und versorge meinen Hund tiergerecht<\/li><li>Ich halte ihn so, dass weder Menschen noch Tiere durch ihn gef\u00e4hrdet werden<\/li><li>Ich f\u00fchre meinen Hund auf \u00f6ffentlichen Anlagen und in Naturschutzgebieten an der Leine<\/li><li>Ich lasse meinen Hund in angepflanzten Fl\u00e4chen und wachsendem Gras nicht frei laufen<\/li><li>Ich beseitige den Hundekot und entsorge ihn in die daf\u00fcr vorgesehenen Beh\u00e4lter<\/li><li>Ich lasse meinen R\u00fcden nicht an jeder Ecke markieren<\/li><li>Zum Schutz der Wildtiere leine ich meinen Hund im Wald oder am Waldrand an oder halte ihn in kurzer Distanz unter Kontrolle<\/li><li>Nach dem Spielen mit Spielger\u00e4ten lasse ich diese nicht in den Wiesen liegen (k\u00f6nnen Sch\u00e4den an landwirtschaftlichen Maschinen verursachen)<\/li><li>Wenn ich einem angeleinten Hund begegne, nehme auch ich meinen Hund an die Leine<\/li><li>Ich halte Abstand zu Hunden, die ein gelbes Dreieckstuch tragen oder an einer gelben Schleppleine gef\u00fchrt werden (dies bedeutet: der Hund braucht Distanz \u2013 ist evtl. krank, alt, unvertr\u00e4glich mit anderen Hunden etc.)<\/li><li>Ich lasse meinen Hund Menschen und andere Hunde nur dann begr\u00fcssen, wenn ich vorg\u00e4ngig deren Einwilligung erhalten habe<\/li><\/ul>\n\n\n\n<p>Danke f\u00fcr eine gegenseitige R\u00fccksichtnahme zum Wohl von allen im \u00c4gerital lebenden Menschen und Tieren<\/p>\n","protected":false},"excerpt":{"rendered":"<p>Um eine harmonische gemeinsame Nutzung des Landschaftsraums \u00c4gerital durch Menschen und Hunde zu erm\u00f6glichen, halte ich mich an folgende Punkte: Ich halte und versorge meinen Hund tiergerecht Ich halte ihn so, dass weder Menschen noch Tiere durch ihn gef\u00e4hrdet werden Ich f\u00fchre meinen Hund auf \u00f6ffentlichen Anlagen und in Naturschutzgebieten an der Leine Ich lasse &hellip; <\/p>\n<p class=\"link-more\"><a href=\"https:\/\/hundeverein-aegerital.ch\/?page_id=310\" class=\"more-link\"><span class=\"screen-reader-text\">&#171;Verhaltenskodex f\u00fcr HundehalterInnen&#187;<\/span> weiterlesen<\/a><\/p>\n","protected":false},"author":1,"featured_media":0,"parent":0,"menu_order":0,"comment_status":"closed","ping_status":"closed","template":"","meta":{"ngg_post_thumbnail":0,"footnotes":""},"class_list":["post-310","page","type-page","status-publish","hentry"],"_links":{"self":[{"href":"https:\/\/hundeverein-aegerital.ch\/index.php?rest_route=\/wp\/v2\/pages\/310","targetHints":{"allow":["GET"]}}],"collection":[{"href":"https:\/\/hundeverein-aegerital.ch\/index.php?rest_route=\/wp\/v2\/pages"}],"about":[{"href":"https:\/\/hundeverein-aegerital.ch\/index.php?rest_route=\/wp\/v2\/types\/page"}],"author":[{"embeddable":true,"href":"https:\/\/hundeverein-aegerital.ch\/index.php?rest_route=\/wp\/v2\/users\/1"}],"replies":[{"embeddable":true,"href":"https:\/\/hundeverein-aegerital.ch\/index.php?rest_route=%2Fwp%2Fv2%2Fcomments&post=310"}],"version-history":[{"count":1,"href":"https:\/\/hundeverein-aegerital.ch\/index.php?rest_route=\/wp\/v2\/pages\/310\/revisions"}],"predecessor-version":[{"id":312,"href":"https:\/\/hundeverein-aegerital.ch\/index.php?rest_route=\/wp\/v2\/pages\/310\/revisions\/312"}],"wp:attachment":[{"href":"https:\/\/hundeverein-aegerital.ch\/index.php?rest_route=%2Fwp%2Fv2%2Fmedia&parent=310"}],"curies":[{"name":"wp","href":"https:\/\/api.w.org\/{rel}","templated":true}]}}