{"id":38,"date":"2021-07-09T08:54:20","date_gmt":"2021-07-09T08:54:20","guid":{"rendered":"https:\/\/hundeverein-aegerital.ch\/?page_id=38"},"modified":"2024-02-16T16:15:57","modified_gmt":"2024-02-16T16:15:57","slug":"der-verein","status":"publish","type":"page","link":"https:\/\/hundeverein-aegerital.ch\/?page_id=38","title":{"rendered":"Aktuell"},"content":{"rendered":"\n<h2 class=\"wp-block-heading\"><strong>Stellungnahme bez\u00fcglich des neuen Hundereglementes von Unter\u00e4geri<\/strong><\/h2>\n\n\n\n<p>Der Hundeverein akzeptiert grunds\u00e4tzlich die Einf\u00fchrung eines Hundereglements, um durch transparente Regeln, Respekt und Toleranz gegen\u00fcber Hunden und ihren Haltern zu f\u00f6rdern. Wir setzen uns f\u00fcr ein kollegiales und entspanntes Miteinander ein.<\/p>\n\n\n\n<p>Ausserdem erachten wir es als sinnvoll, dass das Hundereglement in Unter\u00e4geri in wichtigen Punkten nicht wesentlich vom schon bestehenden Reglement in Ober\u00e4geri abweicht.<\/p>\n\n\n\n<p>Der Hundeverein wurde von der Gemeinde erst sehr sp\u00e4t \u00fcber das neue Hundereglement informiert und hatte keinerlei Einfluss auf dessen Entstehung. Es wurde uns erst Ende August 2023 die druckfertige Version zugestellt und wir haben versucht, in sehr kurzer Zeit noch einige Anpassungen zu erwirken. An einer Sitzung mit Gemeindevertretern Anfang September konnten wir unsere Anliegen vorbringen. Da unsere \u00c4nderungsvorschl\u00e4ge genehmigt wurden, haben wir zugestimmt, dass in der Infobrosch\u00fcre zum neuen Hundereglement der Hundeverein erw\u00e4hnt werden darf.<\/p>\n\n\n\n<p>Leider wurde das Hundereglement im Oktober in einem f\u00fcr uns wichtigen Punkt kurzfristig nochmals ge\u00e4ndert, ohne dass der Hundeverein davon in Kenntnis gesetzt wurde. Trotzdem wurden wir als Unterst\u00fctzer des Reglements erw\u00e4hnt, was uns sehr entt\u00e4uscht hat und nicht in unserem Sinn ist. Wir werden deshalb an der Gemeindeversammlung vom 11. Dezember 2023 vor Ort sein und einen \u00c4nderungsantrag stellen. <\/p>\n\n\n\n<p>&nbsp;Falls dieser nicht angenommen wird, empfehlen wir, das neue Hundereglement abzulehnen.<\/p>\n\n\n\n<p>Wir bitten alle interessierten Hundehaltenden aus Unter\u00e4geri an der Gemeindeversammlung teilzunehmen und mit ihrer Stimme einen wichtigen Beitrag zu leisten.<\/p>\n\n\n\n<p>F\u00fcr weitere Fragen stehen wir gerne zur Verf\u00fcgung.<\/p>\n\n\n\n<p>Erwirkte \u00c4nderungen des Reglements durch den Hundeverein:<\/p>\n\n\n\n<p>1. Allgemeine, ganzj\u00e4hrige Leinenpflicht im Wald und am Waldrand<\/p>\n\n\n\n<p>-&gt; neuer Wortlaut: Hunde, ausser Diensthunde im Einsatz, sind im Wald und am Waldrand anzuleinen oder <strong>unter direkter Aufsicht auf kurzer Distanz<\/strong> zu f\u00fchren. F\u00fcr Jagdhunde gelten w\u00e4hrend der Jagd die Einschr\u00e4nkungen der Jagdgesetzgebung.<\/p>\n\n\n\n<p>2. neben Blindenhunden konnten wir auch f\u00fcr Assistenz- und Therapiehunde eine Reduktion der Hundesteuer erwirken<\/p>\n\n\n\n<p>3. der veraltete Wortlaut \u00abwenn ein Hund eingeht\u00bb wurde durch \u00abwenn ein Hund stirbt\u00bb ersetzt<\/p>\n\n\n\n<h2 class=\"wp-block-heading\"><strong>137&#8217;429 Unterschriften f\u00fcr die Eidgen\u00f6ssischen Volksinitiative &#171;F\u00fcr eine Einschr\u00e4nkung von Feuerwerk&#187;<\/strong><\/h2>\n\n\n\n<p>Die Debatte \u00fcber den Gebrauch von Feuerwerk hat eine bedeutende Wendung genommen, als die Bef\u00fcrworter der Eidgen\u00f6ssischen Volksinitiative &#171;F\u00fcr eine Einschr\u00e4nkung von Feuerwerk&#187; erfolgreich 137\u2019429 Unterschriften gesammelt und diese feierlich \u00fcbergeben haben. Dieser Meilenstein markiert einen entscheidenden Schritt im Bestreben, den Feuerwerksgebrauch zu reglementieren und die mit ihm verbundenen Herausforderungen anzugehen.<\/p>\n\n\n\n<p>Nach der \u00dcbergabe der Unterschriften wird die Initiative nun den politischen Prozess durchlaufen. Es wird erwartet, dass das Parlament die Initiative diskutieren wird, und m\u00f6glicherweise wird die Bev\u00f6lkerung in einem Referendum die endg\u00fcltige Entscheidung dar\u00fcber treffen. Die politischen Entscheidungstr\u00e4ger stehen vor der Herausforderung, die unterschiedlichen Interessen und Meinungen auszubalancieren und eine L\u00f6sung zu finden, die den Bedenken der Bev\u00f6lkerung gerecht wird. Die politische Entscheidungsfindung und Umsetzung von Gesetzes\u00e4nderungen k\u00f6nnen jedoch mehrere Jahre in Anspruch nehmen.<\/p>\n\n\n\n<p><\/p>\n\n\n\n<figure class=\"wp-block-image size-large is-resized\"><img loading=\"lazy\" decoding=\"async\" width=\"1024\" height=\"768\" src=\"https:\/\/hundeverein-aegerital.ch\/wp-content\/uploads\/2022\/01\/IMG_20210616_205656-1024x768.jpg\" alt=\"\" class=\"wp-image-289\" style=\"width:327px;height:244px\" srcset=\"https:\/\/hundeverein-aegerital.ch\/wp-content\/uploads\/2022\/01\/IMG_20210616_205656-1024x768.jpg 1024w, https:\/\/hundeverein-aegerital.ch\/wp-content\/uploads\/2022\/01\/IMG_20210616_205656-300x225.jpg 300w, https:\/\/hundeverein-aegerital.ch\/wp-content\/uploads\/2022\/01\/IMG_20210616_205656-768x576.jpg 768w, https:\/\/hundeverein-aegerital.ch\/wp-content\/uploads\/2022\/01\/IMG_20210616_205656-1536x1152.jpg 1536w, https:\/\/hundeverein-aegerital.ch\/wp-content\/uploads\/2022\/01\/IMG_20210616_205656-2048x1536.jpg 2048w\" sizes=\"auto, (max-width: 767px) 89vw, (max-width: 1000px) 54vw, (max-width: 1071px) 543px, 580px\" \/><\/figure>\n\n\n\n<p>Der Verein ist im Aufbau \u2013 wir freuen uns auf weitere aktive Mitglieder, die uns unterst\u00fctzen!<\/p>\n\n\n\n<p>Homepage: <a href=\"http:\/\/www.hundeverein-aegerital.ch\">www.hundeverein-aegerital.ch<\/a><\/p>\n\n\n\n<div class=\"wp-block-buttons is-layout-flex wp-block-buttons-is-layout-flex\">\n<div class=\"wp-block-button\"><a class=\"wp-block-button__link wp-element-button\" href=\"https:\/\/hundeverein-aegerital.ch\">Zur\u00fcck<\/a><\/div>\n<\/div>\n","protected":false},"excerpt":{"rendered":"<p>Stellungnahme bez\u00fcglich des neuen Hundereglementes von Unter\u00e4geri Der Hundeverein akzeptiert grunds\u00e4tzlich die Einf\u00fchrung eines Hundereglements, um durch transparente Regeln, Respekt und Toleranz gegen\u00fcber Hunden und ihren Haltern zu f\u00f6rdern. Wir setzen uns f\u00fcr ein kollegiales und entspanntes Miteinander ein. Ausserdem erachten wir es als sinnvoll, dass das Hundereglement in Unter\u00e4geri in wichtigen Punkten nicht wesentlich &hellip; <\/p>\n<p class=\"link-more\"><a href=\"https:\/\/hundeverein-aegerital.ch\/?page_id=38\" class=\"more-link\"><span class=\"screen-reader-text\">&#171;Aktuell&#187;<\/span> weiterlesen<\/a><\/p>\n","protected":false},"author":1,"featured_media":0,"parent":0,"menu_order":0,"comment_status":"closed","ping_status":"closed","template":"","meta":{"ngg_post_thumbnail":0,"footnotes":""},"class_list":["post-38","page","type-page","status-publish","hentry"],"_links":{"self":[{"href":"https:\/\/hundeverein-aegerital.ch\/index.php?rest_route=\/wp\/v2\/pages\/38","targetHints":{"allow":["GET"]}}],"collection":[{"href":"https:\/\/hundeverein-aegerital.ch\/index.php?rest_route=\/wp\/v2\/pages"}],"about":[{"href":"https:\/\/hundeverein-aegerital.ch\/index.php?rest_route=\/wp\/v2\/types\/page"}],"author":[{"embeddable":true,"href":"https:\/\/hundeverein-aegerital.ch\/index.php?rest_route=\/wp\/v2\/users\/1"}],"replies":[{"embeddable":true,"href":"https:\/\/hundeverein-aegerital.ch\/index.php?rest_route=%2Fwp%2Fv2%2Fcomments&post=38"}],"version-history":[{"count":21,"href":"https:\/\/hundeverein-aegerital.ch\/index.php?rest_route=\/wp\/v2\/pages\/38\/revisions"}],"predecessor-version":[{"id":1127,"href":"https:\/\/hundeverein-aegerital.ch\/index.php?rest_route=\/wp\/v2\/pages\/38\/revisions\/1127"}],"wp:attachment":[{"href":"https:\/\/hundeverein-aegerital.ch\/index.php?rest_route=%2Fwp%2Fv2%2Fmedia&parent=38"}],"curies":[{"name":"wp","href":"https:\/\/api.w.org\/{rel}","templated":true}]}}